{"id":226,"date":"2021-12-29T19:23:42","date_gmt":"2021-12-29T18:23:42","guid":{"rendered":"https:\/\/stowarzyszeniewiedzyobywatelskiej.eu\/?page_id=226"},"modified":"2023-07-17T07:40:36","modified_gmt":"2023-07-17T06:40:36","slug":"o-stowarzyszeniu","status":"publish","type":"page","link":"https:\/\/stowarzyszeniewiedzyobywatelskiej.org\/?page_id=226","title":{"rendered":"O Stowarzyszeniu"},"content":{"rendered":"\n<p style=\"font-size:24px\"><strong>Credo<\/strong><\/p>\n\n\n\n<p>Stowarzyszenie Wiedzy Obywatelskiej Na Rzecz Demokracji i Integracji Europejskiej zosta\u0142o powo\u0142ane w celu nieodp\u0142atnego szerzenia edukacji w szeroko rozumianym zakresie spo\u0142ecznym, w ten spos\u00f3b przyczyniaj\u0105c si\u0119 do wzrostu poziomu \u015bwiadomo\u015bci obywatelskiej \u2013 elementu kluczowego zar\u00f3wno dla budowania kapita\u0142u spo\u0142ecznego, jak i dla pog\u0142\u0119bionego zintegrowania z innymi pa\u0144stwami Unii Europejskiej. Szczeg\u00f3lnie wa\u017cnym tematem \u2013 na kt\u00f3ry Stowarzyszenie zwraca wzmo\u017con\u0105 uwag\u0119 \u2013 jest aktualna oraz bardzo alarmuj\u0105ca kwestia ochrony \u015brodowiska naturalnego.<br><\/p>\n\n\n\n<p>Dlatego wraz z pocz\u0105tkiem roku 2022, Stowarzyszenie Wiedzy Obywatelskiej Na Rzecz Demokracji i Integracji Europejskiej planuje przedsi\u0119wzi\u0105\u0107 seri\u0119 inicjatyw, obejmuj\u0105cych warsztaty, spotkania, publikacje oraz debaty, tym samym umo\u017cliwiaj\u0105c zainteresowanym darmowy dost\u0119p do wiedzy w tym zakresie. Wierzymy, \u017ce podejmuj\u0105c tego typu dzia\u0142ania, Stowarzyszenie przyczyni si\u0119 do umacniania wzajemnego zaufania spo\u0142ecznego, propagowania aktywnego udzia\u0142u w \u017cyciu publicznym, a tak\u017ce do promocji sprawnej wsp\u00f3\u0142pracy og\u00f3lnoeuropejskiej.<\/p>\n\n\n\n<p style=\"font-size:24px\"><strong>W\u0142adze stowarzyszenia<\/strong><\/p>\n\n\n\n<figure class=\"wp-block-table is-style-stripes\"><table><tbody><tr><td>LATAJKA<\/td><td>ZDZIS\u0141AW<\/td><td>wiceprzewodnicz\u0105cy<\/td><td>profesor Uniwersytetu Wroc\u0142awskiego<\/td><\/tr><tr><td>NOWOTARSKI<\/td><td>BART\u0141OMIEJ<\/td><td>przewodnicz\u0105cy<\/td><td>profesor Uniwersytetu Ekonomicznego we Wroc\u0142awiu<\/td><\/tr><tr><td>OLIK<\/td><td>WALDEMAR<\/td><td>cz\u0142onek zarz\u0105du<\/td><td>aktywista polityczny<\/td><\/tr><tr><td>WITOSZEK<\/td><td>NINA<\/td><td>wiceprzewodnicz\u0105cy<\/td><td>profesor Centrum Rozwoju i \u015arodowiska Uniwersytetu w Oslo<\/td><\/tr><tr><td>ZIELI\u0143SKI<\/td><td>ARTUR<\/td><td>wiceprzewodnicz\u0105cy <\/td><td>dzia\u0142acz samorz\u0105dowy<\/td><\/tr><\/tbody><\/table><\/figure>\n\n\n\n<p>opieka strony i redakcja techniczna Stefan Sterzycki<\/p>\n\n\n\n<hr class=\"wp-block-separator has-alpha-channel-opacity\"\/>\n\n\n\n<p><a href=\"https:\/\/stowarzyszeniewiedzyobywatelskiej.org\/?p=538&amp;lang=pl\" target=\"_blank\" rel=\"noopener\" title=\"Sprawozdania Zarz\u0105du Stowarzyszenia za rok 2022\">Sprawozdania Zarz\u0105du Stowarzyszenia<\/a><\/p>\n","protected":false},"excerpt":{"rendered":"<p>Credo Stowarzyszenie Wiedzy Obywatelskiej Na Rzecz Demokracji i Integracji Europejskiej zosta\u0142o powo\u0142ane w celu nieodp\u0142atnego szerzenia edukacji w szeroko rozumianym<\/p>\n","protected":false},"author":2,"featured_media":0,"parent":0,"menu_order":0,"comment_status":"closed","ping_status":"closed","template":"","meta":{"footnotes":""},"aioseo_notices":[],"_links":{"self":[{"href":"https:\/\/stowarzyszeniewiedzyobywatelskiej.org\/index.php?rest_route=\/wp\/v2\/pages\/226"}],"collection":[{"href":"https:\/\/stowarzyszeniewiedzyobywatelskiej.org\/index.php?rest_route=\/wp\/v2\/pages"}],"about":[{"href":"https:\/\/stowarzyszeniewiedzyobywatelskiej.org\/index.php?rest_route=\/wp\/v2\/types\/page"}],"author":[{"embeddable":true,"href":"https:\/\/stowarzyszeniewiedzyobywatelskiej.org\/index.php?rest_route=\/wp\/v2\/users\/2"}],"replies":[{"embeddable":true,"href":"https:\/\/stowarzyszeniewiedzyobywatelskiej.org\/index.php?rest_route=%2Fwp%2Fv2%2Fcomments&post=226"}],"version-history":[{"count":1,"href":"https:\/\/stowarzyszeniewiedzyobywatelskiej.org\/index.php?rest_route=\/wp\/v2\/pages\/226\/revisions"}],"predecessor-version":[{"id":551,"href":"https:\/\/stowarzyszeniewiedzyobywatelskiej.org\/index.php?rest_route=\/wp\/v2\/pages\/226\/revisions\/551"}],"wp:attachment":[{"href":"https:\/\/stowarzyszeniewiedzyobywatelskiej.org\/index.php?rest_route=%2Fwp%2Fv2%2Fmedia&parent=226"}],"curies":[{"name":"wp","href":"https:\/\/api.w.org\/{rel}","templated":true}]}}